{"id":20,"date":"2016-08-18T22:14:07","date_gmt":"2016-08-18T20:14:07","guid":{"rendered":"http:\/\/dorotazmatow.pl\/matowy\/?page_id=20"},"modified":"2026-05-09T23:43:21","modified_gmt":"2026-05-09T21:43:21","slug":"ogloszenia","status":"publish","type":"page","link":"http:\/\/dorotazmatow.pl\/matowy\/ogloszenia\/","title":{"rendered":"Og\u0142oszenia i intencje mszalne"},"content":{"rendered":"\n<p class=\"has-text-align-center\"><strong><br><\/strong><strong>VI Niedziela Wielkanocna<\/strong><strong><br>10 \u00a0\u00a0MAJA\u00a0 2026<\/strong><\/p>\n\n\n\n<ol type=\"1\">\n<li>Serdecznie dzi\u0119kuj\u0119 za trosk\u0119 o nasz\u0105 \u015bwi\u0105tyni\u0119, oraz trosk\u0119 o tereny przyko\u015bcielne.<\/li>\n\n\n\n<li>Nabo\u017ce\u0144stwa majowe odprawiane b\u0119d\u0105 po codziennych Mszach. W niedziel\u0119 natomiast po Mszy o 10:00.<\/li>\n\n\n\n<li>W przysz\u0142\u0105 niedziel\u0119 obchodzimy uroczysto\u015b\u0107 Wniebowst\u0105pienia Pana Jezusa.<br><\/li>\n<\/ol>\n\n\n\n<p><strong><u>INTENCJE MSZALNE<\/u><\/strong><\/p>\n\n\n\n<figure class=\"wp-block-table\"><table><tbody><tr><td><strong><em>Wtorek<\/em><\/strong><\/td><td><strong>17:00 \u2013 <\/strong>\u015ap. Teresa, Jerzy, Maria, Jan z rodziny B\u0142aszkiewicz.<\/td><\/tr><tr><td><strong><em>Pi\u0105tek<\/em><\/strong><\/td><td><strong>17:00 &#8211; &nbsp;<\/strong>\u015ap. Marek i Lucja<\/td><\/tr><tr><td><strong><em>\u00a0Niedziela<\/em><\/strong><\/td><td><strong>10:00<\/strong> \u2013 &nbsp;\u015ap. Zofia, Antoni, Wojciech, Janusz z rodziny Szwaczyk.<\/td><\/tr><\/tbody><\/table><\/figure>\n","protected":false},"excerpt":{"rendered":"<p>VI Niedziela Wielkanocna10 \u00a0\u00a0MAJA\u00a0 2026 INTENCJE MSZALNE Wtorek 17:00 \u2013 \u015ap. Teresa, Jerzy, Maria, Jan z rodziny B\u0142aszkiewicz. Pi\u0105tek 17:00 &#8211; &nbsp;\u015ap. Marek i Lucja \u00a0Niedziela 10:00 \u2013 &nbsp;\u015ap. Zofia, Antoni, Wojciech, Janusz z rodziny Szwaczyk.<\/p>\n","protected":false},"author":1,"featured_media":0,"parent":0,"menu_order":0,"comment_status":"closed","ping_status":"closed","template":"","meta":[],"_links":{"self":[{"href":"http:\/\/dorotazmatow.pl\/matowy\/wp-json\/wp\/v2\/pages\/20"}],"collection":[{"href":"http:\/\/dorotazmatow.pl\/matowy\/wp-json\/wp\/v2\/pages"}],"about":[{"href":"http:\/\/dorotazmatow.pl\/matowy\/wp-json\/wp\/v2\/types\/page"}],"author":[{"embeddable":true,"href":"http:\/\/dorotazmatow.pl\/matowy\/wp-json\/wp\/v2\/users\/1"}],"replies":[{"embeddable":true,"href":"http:\/\/dorotazmatow.pl\/matowy\/wp-json\/wp\/v2\/comments?post=20"}],"version-history":[{"count":456,"href":"http:\/\/dorotazmatow.pl\/matowy\/wp-json\/wp\/v2\/pages\/20\/revisions"}],"predecessor-version":[{"id":1117,"href":"http:\/\/dorotazmatow.pl\/matowy\/wp-json\/wp\/v2\/pages\/20\/revisions\/1117"}],"wp:attachment":[{"href":"http:\/\/dorotazmatow.pl\/matowy\/wp-json\/wp\/v2\/media?parent=20"}],"curies":[{"name":"wp","href":"https:\/\/api.w.org\/{rel}","templated":true}]}}