{"id":205,"date":"2017-05-27T12:23:56","date_gmt":"2017-05-27T10:23:56","guid":{"rendered":"http:\/\/dorotazmatow.pl\/matowy\/?page_id=205"},"modified":"2017-05-27T12:35:37","modified_gmt":"2017-05-27T10:35:37","slug":"205-2","status":"publish","type":"page","link":"http:\/\/dorotazmatow.pl\/matowy\/","title":{"rendered":""},"content":{"rendered":"<h1 style=\"text-align: center;\"><strong>Witaj w parafii \u015bw. Piotra i Paw\u0142a w M\u0105towach Wielkich i Sanktuarium b\u0142. Doroty z M\u0105t\u00f3w Wielkich<\/strong><\/h1>\n<div id=\"articleMiddle\">\n<div id=\"articleContent\">\n<article>\n<p style=\"text-align: justify;\" align=\"center\">Parafia p.w.\u015bw. Aposto\u0142\u00f3w Piotra i Paw\u0142a zosta\u0142a erygowana w 1383 roku. Przez stulecia pozosta\u0142a katolick\u0105 i stanowi samodzieln\u0105 wsp\u00f3lnot\u0119 mieszka\u0144c\u00f3w. Gotycka ceglana \u015bwi\u0105tynia wpisuje si\u0119 w krajobraz wioski lokowanej w 1321 roku. Wie\u017ca na murowanej gotyckiej kondygnacji dekorowanej blendami, w g\u00f3rnej partii drewniana z 1741 roku, zosta\u0142a zwie\u0144czona wysmuk\u0142ym he\u0142mem krytym gontem. Wn\u0119trze dwunawowe przykryte stropem drewnianym o p\u00f3\u017anobarokowej polichromii jest pozosta\u0142o\u015bci\u0105 rozwi\u0105zania tr\u00f3jnawowego. Nawa po\u0142udniowa run\u0119\u0142a w wyniku powodzi, zast\u0105pi\u0142a j\u0105 \u015bciana wzniesiona z gotyckiej ceg\u0142y prawdopodobnie z XVI stulecia.\u00a0W \u015bwi\u0105tyni zachowa\u0142y si\u0119 wybitne gotyckie zabytki: tabernakulum, figura Chrystusa Frasobliwego i Pieta z 1 po\u0142. XV wieku. Barokowe utensylia to : o\u0142tarz, ambona, feretrony, parawanowa obudowa chrzcielnicy , \u0142awy i konfesjona\u0142y. Zw\u0142aszcza o\u0142tarz boczny z tondem prezentuj\u0105cym: \u015bw. Agnieszk\u0119 M\u0119czennic\u0119, a w g\u00f3rnej kondygnacji \u015bw. Dorot\u0119 z M\u0105t\u00f3w Wielkich, kt\u00f3rej serce przebi\u0142y trzy strza\u0142y Bo\u017cej Mi\u0142o\u015bci, wyr\u00f3\u017cnia si\u0119 bogactwem ornamentu akantowego.\u00a0Nagrobki na parafialnym cmentarzu pozostaj\u0105 wspomnieniem i utrwalaj\u0105 polskie i niemieckie nazwiska mieszka\u0144c\u00f3w \u017bu\u0142aw, od pokole\u0144 walcz\u0105cych z natur\u0105 na tym skrawku ziemi wydartej Wi\u015ble ujarzmionej wa\u0142ami.<\/p>\n<\/article>\n<\/div>\n<\/div>\n","protected":false},"excerpt":{"rendered":"<p>Witaj w parafii \u015bw. Piotra i Paw\u0142a w M\u0105towach Wielkich i Sanktuarium b\u0142. Doroty z M\u0105t\u00f3w Wielkich Parafia p.w.\u015bw. Aposto\u0142\u00f3w Piotra i Paw\u0142a zosta\u0142a erygowana w 1383 roku. Przez stulecia pozosta\u0142a katolick\u0105 i stanowi samodzieln\u0105 wsp\u00f3lnot\u0119 mieszka\u0144c\u00f3w. Gotycka ceglana \u015bwi\u0105tynia wpisuje si\u0119 w krajobraz wioski lokowanej w 1321 roku. Wie\u017ca na murowanej gotyckiej kondygnacji dekorowanej &#8230; <span class=\"more\"><a class=\"more-link\" href=\"http:\/\/dorotazmatow.pl\/matowy\/\">[Wi\u0119cej&#8230;]<\/a><\/span><\/p>\n","protected":false},"author":2,"featured_media":0,"parent":0,"menu_order":0,"comment_status":"closed","ping_status":"closed","template":"","meta":[],"_links":{"self":[{"href":"http:\/\/dorotazmatow.pl\/matowy\/wp-json\/wp\/v2\/pages\/205"}],"collection":[{"href":"http:\/\/dorotazmatow.pl\/matowy\/wp-json\/wp\/v2\/pages"}],"about":[{"href":"http:\/\/dorotazmatow.pl\/matowy\/wp-json\/wp\/v2\/types\/page"}],"author":[{"embeddable":true,"href":"http:\/\/dorotazmatow.pl\/matowy\/wp-json\/wp\/v2\/users\/2"}],"replies":[{"embeddable":true,"href":"http:\/\/dorotazmatow.pl\/matowy\/wp-json\/wp\/v2\/comments?post=205"}],"version-history":[{"count":1,"href":"http:\/\/dorotazmatow.pl\/matowy\/wp-json\/wp\/v2\/pages\/205\/revisions"}],"predecessor-version":[{"id":206,"href":"http:\/\/dorotazmatow.pl\/matowy\/wp-json\/wp\/v2\/pages\/205\/revisions\/206"}],"wp:attachment":[{"href":"http:\/\/dorotazmatow.pl\/matowy\/wp-json\/wp\/v2\/media?parent=205"}],"curies":[{"name":"wp","href":"https:\/\/api.w.org\/{rel}","templated":true}]}}