{"id":24,"date":"2016-08-18T22:16:03","date_gmt":"2016-08-18T20:16:03","guid":{"rendered":"http:\/\/dorotazmatow.pl\/matowy\/?page_id=24"},"modified":"2016-09-05T16:43:50","modified_gmt":"2016-09-05T14:43:50","slug":"galeria","status":"publish","type":"page","link":"http:\/\/dorotazmatow.pl\/matowy\/galeria\/","title":{"rendered":"Galeria"},"content":{"rendered":"<style type=\"text\/css\">.foogallery-album-gallery-list .foogallery-pile h3 { background: #fff !important; }.foogallery-album-gallery-list .foogallery-pile h3 { color: #000000 !important; }<\/style><div id=\"foogallery-album-37\">\r\n\t<ul class=\"foogallery-album-gallery-list alignment-left\">\r\n\t\t\t\t\t\t<li>\r\n\t\t\t\t\t<div class=\"foogallery-pile\">\r\n\t\t\t\t\t\t<div class=\"foogallery-pile-inner\">\r\n\t\t\t\t\t\t\t<a href=\"http:\/\/dorotazmatow.pl\/matowy\/galeria\/gallery\/galeria\" target=\"_self\">\r\n\t\t\t\t\t\t\t\t<img  src=\"http:\/\/dorotazmatow.pl\/matowy\/wp-content\/uploads\/cache\/2016\/08\/7777\/-2062035946.jpg\" width=\"150\" height=\"150\" \/>\t\t\t\t\t\t\t\t\t\t\t\t\t\t\t\t<h3>B\u0142. Dorota\t\t\t\t\t\t\t\t\t<span>1 image<\/span>\r\n\t\t\t\t\t\t\t\t<\/h3>\r\n\t\t\t\t\t\t\t<\/a>\r\n\t\t\t\t\t\t<\/div>\r\n\t\t\t\t\t<\/div>\r\n\t\t\t\t<\/li>\r\n\t\t\t\t\t\t\t\t\t<li>\r\n\t\t\t\t\t<div class=\"foogallery-pile\">\r\n\t\t\t\t\t\t<div class=\"foogallery-pile-inner\">\r\n\t\t\t\t\t\t\t<a href=\"http:\/\/dorotazmatow.pl\/matowy\/galeria\/gallery\/kosciol-i-sanktuarium\" target=\"_self\">\r\n\t\t\t\t\t\t\t\t<img  src=\"http:\/\/dorotazmatow.pl\/matowy\/wp-content\/uploads\/cache\/2016\/08\/LR6_DSC0222-Resizer-1920Q100\/124011025.jpg\" width=\"150\" height=\"150\" \/>\t\t\t\t\t\t\t\t\t\t\t\t\t\t\t\t<h3>Ko\u015bci\u00f3\u0142 i Sanktuarium\t\t\t\t\t\t\t\t\t<span>17 images<\/span>\r\n\t\t\t\t\t\t\t\t<\/h3>\r\n\t\t\t\t\t\t\t<\/a>\r\n\t\t\t\t\t\t<\/div>\r\n\t\t\t\t\t<\/div>\r\n\t\t\t\t<\/li>\r\n\t\t\t\t\t\t\t\t\t<li>\r\n\t\t\t\t\t<div class=\"foogallery-pile\">\r\n\t\t\t\t\t\t<div class=\"foogallery-pile-inner\">\r\n\t\t\t\t\t\t\t<a href=\"http:\/\/dorotazmatow.pl\/matowy\/galeria\/gallery\/wprowadzenie-proboszcza-3-09-2016\" target=\"_self\">\r\n\t\t\t\t\t\t\t\t<img  src=\"http:\/\/dorotazmatow.pl\/matowy\/wp-content\/uploads\/cache\/2016\/09\/DSC_9317\/1460592674.jpg\" width=\"150\" height=\"150\" \/>\t\t\t\t\t\t\t\t\t\t\t\t\t\t\t\t<h3>Wprowadzenie proboszcza 3.09.2016\t\t\t\t\t\t\t\t\t<span>16 images<\/span>\r\n\t\t\t\t\t\t\t\t<\/h3>\r\n\t\t\t\t\t\t\t<\/a>\r\n\t\t\t\t\t\t<\/div>\r\n\t\t\t\t\t<\/div>\r\n\t\t\t\t<\/li>\r\n\t\t\t\t\t\t\t\t\t<li>\r\n\t\t\t\t\t<div class=\"foogallery-pile\">\r\n\t\t\t\t\t\t<div class=\"foogallery-pile-inner\">\r\n\t\t\t\t\t\t\t<a href=\"http:\/\/dorotazmatow.pl\/matowy\/galeria\/gallery\/chor-passionata-tczewa-23-10-2016\" target=\"_self\">\r\n\t\t\t\t\t\t\t\t<img  src=\"http:\/\/dorotazmatow.pl\/matowy\/wp-content\/uploads\/cache\/2016\/10\/DSCF0143_1600_x_1200\/-1185983427.jpg\" width=\"150\" height=\"150\" \/>\t\t\t\t\t\t\t\t\t\t\t\t\t\t\t\t<h3>Ch\u00f3r Passionata z Tczewa 23.10.2016\t\t\t\t\t\t\t\t\t<span>16 images<\/span>\r\n\t\t\t\t\t\t\t\t<\/h3>\r\n\t\t\t\t\t\t\t<\/a>\r\n\t\t\t\t\t\t<\/div>\r\n\t\t\t\t\t<\/div>\r\n\t\t\t\t<\/li>\r\n\t\t\t\t\t\t\t\t\t<li>\r\n\t\t\t\t\t<div class=\"foogallery-pile\">\r\n\t\t\t\t\t\t<div class=\"foogallery-pile-inner\">\r\n\t\t\t\t\t\t\t<a href=\"http:\/\/dorotazmatow.pl\/matowy\/galeria\/gallery\/chor-pasjonata-tczewa-01-2017\" target=\"_self\">\r\n\t\t\t\t\t\t\t\t<img  src=\"http:\/\/dorotazmatow.pl\/matowy\/wp-content\/uploads\/cache\/2017\/06\/DSCF0021_1024_x_768\/739042057.jpg\" width=\"150\" height=\"150\" \/>\t\t\t\t\t\t\t\t\t\t\t\t\t\t\t\t<h3>Ch\u00f3r Pasjonata z Tczewa 01.2017\t\t\t\t\t\t\t\t\t<span>22 images<\/span>\r\n\t\t\t\t\t\t\t\t<\/h3>\r\n\t\t\t\t\t\t\t<\/a>\r\n\t\t\t\t\t\t<\/div>\r\n\t\t\t\t\t<\/div>\r\n\t\t\t\t<\/li>\r\n\t\t\t\t\t\t\t\t\t<li>\r\n\t\t\t\t\t<div class=\"foogallery-pile\">\r\n\t\t\t\t\t\t<div class=\"foogallery-pile-inner\">\r\n\t\t\t\t\t\t\t<a href=\"http:\/\/dorotazmatow.pl\/matowy\/galeria\/gallery\/prace-przy-renowacji-oltarzy\" target=\"_self\">\r\n\t\t\t\t\t\t\t\t<img  src=\"http:\/\/dorotazmatow.pl\/matowy\/wp-content\/uploads\/cache\/2017\/06\/IMG_0832\/-2133951913.jpg\" width=\"150\" height=\"150\" \/>\t\t\t\t\t\t\t\t\t\t\t\t\t\t\t\t<h3>Prace przy renowacji o\u0142tarzy\t\t\t\t\t\t\t\t\t<span>36 images<\/span>\r\n\t\t\t\t\t\t\t\t<\/h3>\r\n\t\t\t\t\t\t\t<\/a>\r\n\t\t\t\t\t\t<\/div>\r\n\t\t\t\t\t<\/div>\r\n\t\t\t\t<\/li>\r\n\t\t\t\t\t\t\t\t\t<li>\r\n\t\t\t\t\t<div class=\"foogallery-pile\">\r\n\t\t\t\t\t\t<div class=\"foogallery-pile-inner\">\r\n\t\t\t\t\t\t\t<a href=\"http:\/\/dorotazmatow.pl\/matowy\/galeria\/gallery\/niedzielna-msza-sw-02-2017\" target=\"_self\">\r\n\t\t\t\t\t\t\t\t<img  src=\"http:\/\/dorotazmatow.pl\/matowy\/wp-content\/uploads\/cache\/2017\/06\/DSC03250\/-194416537.jpg\" width=\"150\" height=\"150\" \/>\t\t\t\t\t\t\t\t\t\t\t\t\t\t\t\t<h3>Niedzielna Msza \u015bw. 02.2017\t\t\t\t\t\t\t\t\t<span>6 images<\/span>\r\n\t\t\t\t\t\t\t\t<\/h3>\r\n\t\t\t\t\t\t\t<\/a>\r\n\t\t\t\t\t\t<\/div>\r\n\t\t\t\t\t<\/div>\r\n\t\t\t\t<\/li>\r\n\t\t\t\t\t\t\t\t\t<li>\r\n\t\t\t\t\t<div class=\"foogallery-pile\">\r\n\t\t\t\t\t\t<div class=\"foogallery-pile-inner\">\r\n\t\t\t\t\t\t\t<a href=\"http:\/\/dorotazmatow.pl\/matowy\/galeria\/gallery\/naborzenstwo-przemiany-serca-02-2017\" target=\"_self\">\r\n\t\t\t\t\t\t\t\t<img  src=\"http:\/\/dorotazmatow.pl\/matowy\/wp-content\/uploads\/cache\/2017\/06\/DSC03232\/-984215920.jpg\" width=\"150\" height=\"150\" \/>\t\t\t\t\t\t\t\t\t\t\t\t\t\t\t\t<h3>Naborze\u0144stwo Przemiany Serca 02.2017\t\t\t\t\t\t\t\t\t<span>7 images<\/span>\r\n\t\t\t\t\t\t\t\t<\/h3>\r\n\t\t\t\t\t\t\t<\/a>\r\n\t\t\t\t\t\t<\/div>\r\n\t\t\t\t\t<\/div>\r\n\t\t\t\t<\/li>\r\n\t\t\t\t\t\t\t\t\t<li>\r\n\t\t\t\t\t<div class=\"foogallery-pile\">\r\n\t\t\t\t\t\t<div class=\"foogallery-pile-inner\">\r\n\t\t\t\t\t\t\t<a href=\"http:\/\/dorotazmatow.pl\/matowy\/galeria\/gallery\/niedzielna-eucharystia-05-2017\" target=\"_self\">\r\n\t\t\t\t\t\t\t\t<img  src=\"http:\/\/dorotazmatow.pl\/matowy\/wp-content\/uploads\/cache\/2017\/06\/DSC03957\/105677449.jpg\" width=\"150\" height=\"150\" \/>\t\t\t\t\t\t\t\t\t\t\t\t\t\t\t\t<h3>Niedzielna Eucharystia 05.2017\t\t\t\t\t\t\t\t\t<span>7 images<\/span>\r\n\t\t\t\t\t\t\t\t<\/h3>\r\n\t\t\t\t\t\t\t<\/a>\r\n\t\t\t\t\t\t<\/div>\r\n\t\t\t\t\t<\/div>\r\n\t\t\t\t<\/li>\r\n\t\t\t\t\t\t\t\t\t<li>\r\n\t\t\t\t\t<div class=\"foogallery-pile\">\r\n\t\t\t\t\t\t<div class=\"foogallery-pile-inner\">\r\n\t\t\t\t\t\t\t<a href=\"http:\/\/dorotazmatow.pl\/matowy\/galeria\/gallery\/nabozenstwo-przemiany-serca-05-2017\" target=\"_self\">\r\n\t\t\t\t\t\t\t\t<img  src=\"http:\/\/dorotazmatow.pl\/matowy\/wp-content\/uploads\/cache\/2017\/06\/DSC03924\/-324867933.jpg\" width=\"150\" height=\"150\" \/>\t\t\t\t\t\t\t\t\t\t\t\t\t\t\t\t<h3>Nabo\u017ce\u0144stwo Przemiany Serca 05.2017\t\t\t\t\t\t\t\t\t<span>8 images<\/span>\r\n\t\t\t\t\t\t\t\t<\/h3>\r\n\t\t\t\t\t\t\t<\/a>\r\n\t\t\t\t\t\t<\/div>\r\n\t\t\t\t\t<\/div>\r\n\t\t\t\t<\/li>\r\n\t\t\t\t\t\t\t\t\t<li>\r\n\t\t\t\t\t<div class=\"foogallery-pile\">\r\n\t\t\t\t\t\t<div class=\"foogallery-pile-inner\">\r\n\t\t\t\t\t\t\t<a href=\"http:\/\/dorotazmatow.pl\/matowy\/galeria\/gallery\/kosciol-noca-06-2017\" target=\"_self\">\r\n\t\t\t\t\t\t\t\t<img  src=\"http:\/\/dorotazmatow.pl\/matowy\/wp-content\/uploads\/cache\/2017\/06\/IMG_1513\/1457653311.jpg\" width=\"150\" height=\"150\" \/>\t\t\t\t\t\t\t\t\t\t\t\t\t\t\t\t<h3>Ko\u015bci\u00f3\u0142 noc\u0105 06.2017\t\t\t\t\t\t\t\t\t<span>13 images<\/span>\r\n\t\t\t\t\t\t\t\t<\/h3>\r\n\t\t\t\t\t\t\t<\/a>\r\n\t\t\t\t\t\t<\/div>\r\n\t\t\t\t\t<\/div>\r\n\t\t\t\t<\/li>\r\n\t\t\t\t\t\t\t\t\t<li>\r\n\t\t\t\t\t<div class=\"foogallery-pile\">\r\n\t\t\t\t\t\t<div class=\"foogallery-pile-inner\">\r\n\t\t\t\t\t\t\t<a href=\"http:\/\/dorotazmatow.pl\/matowy\/galeria\/gallery\/misje-sw-boze-cialo-2017\" target=\"_self\">\r\n\t\t\t\t\t\t\t\t<img  src=\"http:\/\/dorotazmatow.pl\/matowy\/wp-content\/uploads\/cache\/2017\/08\/20170607_210138-1\/1416505956.jpg\" width=\"150\" height=\"150\" \/>\t\t\t\t\t\t\t\t\t\t\t\t\t\t\t\t<h3>Misje \u015bw. i Bo\u017ce Cia\u0142o 2017\t\t\t\t\t\t\t\t\t<span>15 images<\/span>\r\n\t\t\t\t\t\t\t\t<\/h3>\r\n\t\t\t\t\t\t\t<\/a>\r\n\t\t\t\t\t\t<\/div>\r\n\t\t\t\t\t<\/div>\r\n\t\t\t\t<\/li>\r\n\t\t\t\t\t\t\t\t\t<li>\r\n\t\t\t\t\t<div class=\"foogallery-pile\">\r\n\t\t\t\t\t\t<div class=\"foogallery-pile-inner\">\r\n\t\t\t\t\t\t\t<a href=\"http:\/\/dorotazmatow.pl\/matowy\/galeria\/gallery\/prace-konserwatorskie-oltarz-ambona-08-2017\" target=\"_self\">\r\n\t\t\t\t\t\t\t\t<img  src=\"http:\/\/dorotazmatow.pl\/matowy\/wp-content\/uploads\/cache\/2017\/08\/20170821_112028\/-1458391220.jpg\" width=\"150\" height=\"150\" \/>\t\t\t\t\t\t\t\t\t\t\t\t\t\t\t\t<h3>Prace konserwatorskie-o\u0142tarz i ambona 08.2017\t\t\t\t\t\t\t\t\t<span>36 images<\/span>\r\n\t\t\t\t\t\t\t\t<\/h3>\r\n\t\t\t\t\t\t\t<\/a>\r\n\t\t\t\t\t\t<\/div>\r\n\t\t\t\t\t<\/div>\r\n\t\t\t\t<\/li>\r\n\t\t\t\t\t\t<\/ul>\r\n\t<div style=\"clear: both;\"><\/div>\r\n<\/div>\r\n\n","protected":false},"excerpt":{"rendered":"","protected":false},"author":1,"featured_media":0,"parent":0,"menu_order":0,"comment_status":"closed","ping_status":"closed","template":"","meta":[],"_links":{"self":[{"href":"http:\/\/dorotazmatow.pl\/matowy\/wp-json\/wp\/v2\/pages\/24"}],"collection":[{"href":"http:\/\/dorotazmatow.pl\/matowy\/wp-json\/wp\/v2\/pages"}],"about":[{"href":"http:\/\/dorotazmatow.pl\/matowy\/wp-json\/wp\/v2\/types\/page"}],"author":[{"embeddable":true,"href":"http:\/\/dorotazmatow.pl\/matowy\/wp-json\/wp\/v2\/users\/1"}],"replies":[{"embeddable":true,"href":"http:\/\/dorotazmatow.pl\/matowy\/wp-json\/wp\/v2\/comments?post=24"}],"version-history":[{"count":8,"href":"http:\/\/dorotazmatow.pl\/matowy\/wp-json\/wp\/v2\/pages\/24\/revisions"}],"predecessor-version":[{"id":96,"href":"http:\/\/dorotazmatow.pl\/matowy\/wp-json\/wp\/v2\/pages\/24\/revisions\/96"}],"wp:attachment":[{"href":"http:\/\/dorotazmatow.pl\/matowy\/wp-json\/wp\/v2\/media?parent=24"}],"curies":[{"name":"wp","href":"https:\/\/api.w.org\/{rel}","templated":true}]}}