{"id":42,"date":"2016-08-29T19:02:00","date_gmt":"2016-08-29T17:02:00","guid":{"rendered":"http:\/\/dorotazmatow.pl\/matowy\/?page_id=42"},"modified":"2023-08-14T23:54:00","modified_gmt":"2023-08-14T21:54:00","slug":"msze-sw-i-nabozenstwa","status":"publish","type":"page","link":"http:\/\/dorotazmatow.pl\/matowy\/msze-sw-i-nabozenstwa\/","title":{"rendered":"Msze \u015bw. i nabo\u017ce\u0144stwa"},"content":{"rendered":"<p><strong>Niedziela<\/strong> godz.10.00<\/p>\n<p><strong>Wtorek i pi\u0105tek<\/strong> godz. 17.00<\/p>\n<hr \/>\n<p>&nbsp;<\/p>\n<hr \/>\n<p>&nbsp;<\/p>\n<p>&nbsp;<\/p>\n<hr \/>\n<p>&nbsp;<\/p>\n","protected":false},"excerpt":{"rendered":"<p>Niedziela godz.10.00 Wtorek i pi\u0105tek godz. 17.00 &nbsp; &nbsp; &nbsp; &nbsp;<\/p>\n","protected":false},"author":2,"featured_media":0,"parent":0,"menu_order":0,"comment_status":"closed","ping_status":"closed","template":"","meta":[],"_links":{"self":[{"href":"http:\/\/dorotazmatow.pl\/matowy\/wp-json\/wp\/v2\/pages\/42"}],"collection":[{"href":"http:\/\/dorotazmatow.pl\/matowy\/wp-json\/wp\/v2\/pages"}],"about":[{"href":"http:\/\/dorotazmatow.pl\/matowy\/wp-json\/wp\/v2\/types\/page"}],"author":[{"embeddable":true,"href":"http:\/\/dorotazmatow.pl\/matowy\/wp-json\/wp\/v2\/users\/2"}],"replies":[{"embeddable":true,"href":"http:\/\/dorotazmatow.pl\/matowy\/wp-json\/wp\/v2\/comments?post=42"}],"version-history":[{"count":6,"href":"http:\/\/dorotazmatow.pl\/matowy\/wp-json\/wp\/v2\/pages\/42\/revisions"}],"predecessor-version":[{"id":892,"href":"http:\/\/dorotazmatow.pl\/matowy\/wp-json\/wp\/v2\/pages\/42\/revisions\/892"}],"wp:attachment":[{"href":"http:\/\/dorotazmatow.pl\/matowy\/wp-json\/wp\/v2\/media?parent=42"}],"curies":[{"name":"wp","href":"https:\/\/api.w.org\/{rel}","templated":true}]}}