{"id":16,"date":"2016-08-29T21:06:52","date_gmt":"2016-08-29T19:06:52","guid":{"rendered":"http:\/\/dorotazmatow.pl\/miloradz\/?page_id=16"},"modified":"2016-09-15T20:19:39","modified_gmt":"2016-09-15T18:19:39","slug":"galeria","status":"publish","type":"page","link":"http:\/\/dorotazmatow.pl\/miloradz\/index.php\/galeria\/","title":{"rendered":"Galeria"},"content":{"rendered":"<style type=\"text\/css\">.foogallery-album-gallery-list .foogallery-pile h3 { background: #fff !important; }.foogallery-album-gallery-list .foogallery-pile h3 { color: #000000 !important; }<\/style><div id=\"foogallery-album-81\">\r\n\t<ul class=\"foogallery-album-gallery-list alignment-left\">\r\n\t\t\t\t\t\t<li>\r\n\t\t\t\t\t<div class=\"foogallery-pile\">\r\n\t\t\t\t\t\t<div class=\"foogallery-pile-inner\">\r\n\t\t\t\t\t\t\t<a href=\"http:\/\/dorotazmatow.pl\/miloradz\/index.php\/galeria\/gallery\/dozynki-powiatowe-4-09-2016\" target=\"_self\">\r\n\t\t\t\t\t\t\t\t<img  src=\"http:\/\/dorotazmatow.pl\/miloradz\/wp-content\/uploads\/cache\/2016\/09\/1-do\u017cynki\/206104932.jpg\" width=\"150\" height=\"150\" \/>\t\t\t\t\t\t\t\t\t\t\t\t\t\t\t\t<h3>Do\u017cynki powiatowe 4.09.2016\t\t\t\t\t\t\t\t\t<span>9 images<\/span>\r\n\t\t\t\t\t\t\t\t<\/h3>\r\n\t\t\t\t\t\t\t<\/a>\r\n\t\t\t\t\t\t<\/div>\r\n\t\t\t\t\t<\/div>\r\n\t\t\t\t<\/li>\r\n\t\t\t\t\t\t\t\t\t<li>\r\n\t\t\t\t\t<div class=\"foogallery-pile\">\r\n\t\t\t\t\t\t<div class=\"foogallery-pile-inner\">\r\n\t\t\t\t\t\t\t<a href=\"http:\/\/dorotazmatow.pl\/miloradz\/index.php\/galeria\/gallery\/wprowadzenie-proboszcza-3-09-2016\" target=\"_self\">\r\n\t\t\t\t\t\t\t\t<img  src=\"http:\/\/dorotazmatow.pl\/miloradz\/wp-content\/uploads\/cache\/2016\/09\/1-wprowadzenie\/907173759.jpg\" width=\"150\" height=\"150\" \/>\t\t\t\t\t\t\t\t\t\t\t\t\t\t\t\t<h3>Wprowadzenie proboszcza 3.09.2016\t\t\t\t\t\t\t\t\t<span>9 images<\/span>\r\n\t\t\t\t\t\t\t\t<\/h3>\r\n\t\t\t\t\t\t\t<\/a>\r\n\t\t\t\t\t\t<\/div>\r\n\t\t\t\t\t<\/div>\r\n\t\t\t\t<\/li>\r\n\t\t\t\t\t\t\t\t\t<li>\r\n\t\t\t\t\t<div class=\"foogallery-pile\">\r\n\t\t\t\t\t\t<div class=\"foogallery-pile-inner\">\r\n\t\t\t\t\t\t\t<a href=\"http:\/\/dorotazmatow.pl\/miloradz\/index.php\/galeria\/gallery\/55\" target=\"_self\">\r\n\t\t\t\t\t\t\t\t<img  src=\"http:\/\/dorotazmatow.pl\/miloradz\/wp-content\/uploads\/cache\/2016\/08\/LR6_DSC0371-HDR-Resizer-1920Q100\/782624295.jpg\" width=\"150\" height=\"150\" \/>\t\t\t\t\t\t\t\t\t\t\t\t\t\t\t\t<h3>Ko\u015bci\u00f3\u0142\t\t\t\t\t\t\t\t\t<span>2 images<\/span>\r\n\t\t\t\t\t\t\t\t<\/h3>\r\n\t\t\t\t\t\t\t<\/a>\r\n\t\t\t\t\t\t<\/div>\r\n\t\t\t\t\t<\/div>\r\n\t\t\t\t<\/li>\r\n\t\t\t\t\t\t\t\t\t<li>\r\n\t\t\t\t\t<div class=\"foogallery-pile\">\r\n\t\t\t\t\t\t<div class=\"foogallery-pile-inner\">\r\n\t\t\t\t\t\t\t<a href=\"http:\/\/dorotazmatow.pl\/miloradz\/index.php\/galeria\/gallery\/kosciol\" target=\"_self\">\r\n\t\t\t\t\t\t\t\t<img  src=\"http:\/\/dorotazmatow.pl\/miloradz\/wp-content\/uploads\/cache\/2016\/08\/LR6_DSC0199-HDR-Resizer-1920Q100\/746759702.jpg\" width=\"150\" height=\"150\" \/>\t\t\t\t\t\t\t\t\t\t\t\t\t\t\t\t<h3>Ko\u015bci\u00f3\u0142\t\t\t\t\t\t\t\t\t<span>11 images<\/span>\r\n\t\t\t\t\t\t\t\t<\/h3>\r\n\t\t\t\t\t\t\t<\/a>\r\n\t\t\t\t\t\t<\/div>\r\n\t\t\t\t\t<\/div>\r\n\t\t\t\t<\/li>\r\n\t\t\t\t\t\t\t\t\t<li>\r\n\t\t\t\t\t<div class=\"foogallery-pile\">\r\n\t\t\t\t\t\t<div class=\"foogallery-pile-inner\">\r\n\t\t\t\t\t\t\t<a href=\"http:\/\/dorotazmatow.pl\/miloradz\/index.php\/galeria\/gallery\/okolice-milaradza\" target=\"_self\">\r\n\t\t\t\t\t\t\t\t<img  src=\"http:\/\/dorotazmatow.pl\/miloradz\/wp-content\/uploads\/cache\/2016\/09\/LR6_DSC0342-HDR-Resizer-1920Q100\/656095474.jpg\" width=\"150\" height=\"150\" \/>\t\t\t\t\t\t\t\t\t\t\t\t\t\t\t\t<h3>Okolice Mi\u0142oradza\t\t\t\t\t\t\t\t\t<span>2 images<\/span>\r\n\t\t\t\t\t\t\t\t<\/h3>\r\n\t\t\t\t\t\t\t<\/a>\r\n\t\t\t\t\t\t<\/div>\r\n\t\t\t\t\t<\/div>\r\n\t\t\t\t<\/li>\r\n\t\t\t\t\t\t\t\t\t<li>\r\n\t\t\t\t\t<div class=\"foogallery-pile\">\r\n\t\t\t\t\t\t<div class=\"foogallery-pile-inner\">\r\n\t\t\t\t\t\t\t<a href=\"http:\/\/dorotazmatow.pl\/miloradz\/index.php\/galeria\/gallery\/bierzmowanie-23-10-2016\" target=\"_self\">\r\n\t\t\t\t\t\t\t\t<img  src=\"http:\/\/dorotazmatow.pl\/miloradz\/wp-content\/uploads\/cache\/2016\/10\/DSCF0186_1600_x_1200\/1375870742.jpg\" width=\"150\" height=\"150\" \/>\t\t\t\t\t\t\t\t\t\t\t\t\t\t\t\t<h3>Bierzmowanie 23.10.2016\t\t\t\t\t\t\t\t\t<span>7 images<\/span>\r\n\t\t\t\t\t\t\t\t<\/h3>\r\n\t\t\t\t\t\t\t<\/a>\r\n\t\t\t\t\t\t<\/div>\r\n\t\t\t\t\t<\/div>\r\n\t\t\t\t<\/li>\r\n\t\t\t\t\t\t\t\t\t<li>\r\n\t\t\t\t\t<div class=\"foogallery-pile\">\r\n\t\t\t\t\t\t<div class=\"foogallery-pile-inner\">\r\n\t\t\t\t\t\t\t<a href=\"http:\/\/dorotazmatow.pl\/miloradz\/index.php\/galeria\/gallery\/chor-passionata-tczewa-23-10-2016\" target=\"_self\">\r\n\t\t\t\t\t\t\t\t<img  src=\"http:\/\/dorotazmatow.pl\/miloradz\/wp-content\/uploads\/cache\/2016\/10\/DSCF0196_1600_x_1200\/-841442168.jpg\" width=\"150\" height=\"150\" \/>\t\t\t\t\t\t\t\t\t\t\t\t\t\t\t\t<h3>Ch\u00f3r Passionata z Tczewa 23.10.2016\t\t\t\t\t\t\t\t\t<span>17 images<\/span>\r\n\t\t\t\t\t\t\t\t<\/h3>\r\n\t\t\t\t\t\t\t<\/a>\r\n\t\t\t\t\t\t<\/div>\r\n\t\t\t\t\t<\/div>\r\n\t\t\t\t<\/li>\r\n\t\t\t\t\t\t\t\t\t<li>\r\n\t\t\t\t\t<div class=\"foogallery-pile\">\r\n\t\t\t\t\t\t<div class=\"foogallery-pile-inner\">\r\n\t\t\t\t\t\t\t<a href=\"http:\/\/dorotazmatow.pl\/miloradz\/index.php\/galeria\/gallery\/renowacja-konfesjonalow-10-2016\" target=\"_self\">\r\n\t\t\t\t\t\t\t\t<img  src=\"http:\/\/dorotazmatow.pl\/miloradz\/wp-content\/uploads\/cache\/2017\/06\/1\/-122583574.jpg\" width=\"150\" height=\"150\" \/>\t\t\t\t\t\t\t\t\t\t\t\t\t\t\t\t<h3>Renowacja konfesjona\u0142\u00f3w 10.2016\t\t\t\t\t\t\t\t\t<span>22 images<\/span>\r\n\t\t\t\t\t\t\t\t<\/h3>\r\n\t\t\t\t\t\t\t<\/a>\r\n\t\t\t\t\t\t<\/div>\r\n\t\t\t\t\t<\/div>\r\n\t\t\t\t<\/li>\r\n\t\t\t\t\t\t\t\t\t<li>\r\n\t\t\t\t\t<div class=\"foogallery-pile\">\r\n\t\t\t\t\t\t<div class=\"foogallery-pile-inner\">\r\n\t\t\t\t\t\t\t<a href=\"http:\/\/dorotazmatow.pl\/miloradz\/index.php\/galeria\/gallery\/dzieci-wykonaly-ozdoby-choinkowe-19-12-2016\" target=\"_self\">\r\n\t\t\t\t\t\t\t\t<img  src=\"http:\/\/dorotazmatow.pl\/miloradz\/wp-content\/uploads\/cache\/2016\/12\/Obraz-001\/-759056321.jpg\" width=\"150\" height=\"150\" \/>\t\t\t\t\t\t\t\t\t\t\t\t\t\t\t\t<h3>Dzieci wykona\u0142y ozdoby choinkowe 19.12.2016\t\t\t\t\t\t\t\t\t<span>15 images<\/span>\r\n\t\t\t\t\t\t\t\t<\/h3>\r\n\t\t\t\t\t\t\t<\/a>\r\n\t\t\t\t\t\t<\/div>\r\n\t\t\t\t\t<\/div>\r\n\t\t\t\t<\/li>\r\n\t\t\t\t\t\t\t\t\t<li>\r\n\t\t\t\t\t<div class=\"foogallery-pile\">\r\n\t\t\t\t\t\t<div class=\"foogallery-pile-inner\">\r\n\t\t\t\t\t\t\t<a href=\"http:\/\/dorotazmatow.pl\/miloradz\/index.php\/galeria\/gallery\/strojenie-kosciola-22-12-2016\" target=\"_self\">\r\n\t\t\t\t\t\t\t\t<img  src=\"http:\/\/dorotazmatow.pl\/miloradz\/wp-content\/uploads\/cache\/2017\/01\/Obraz-046\/659963534.jpg\" width=\"150\" height=\"150\" \/>\t\t\t\t\t\t\t\t\t\t\t\t\t\t\t\t<h3>Strojenie ko\u015bcio\u0142a 22.12.2016\t\t\t\t\t\t\t\t\t<span>13 images<\/span>\r\n\t\t\t\t\t\t\t\t<\/h3>\r\n\t\t\t\t\t\t\t<\/a>\r\n\t\t\t\t\t\t<\/div>\r\n\t\t\t\t\t<\/div>\r\n\t\t\t\t<\/li>\r\n\t\t\t\t\t\t\t\t\t<li>\r\n\t\t\t\t\t<div class=\"foogallery-pile\">\r\n\t\t\t\t\t\t<div class=\"foogallery-pile-inner\">\r\n\t\t\t\t\t\t\t<a href=\"http:\/\/dorotazmatow.pl\/miloradz\/index.php\/galeria\/gallery\/pasterka-roku-2016\" target=\"_self\">\r\n\t\t\t\t\t\t\t\t<img  src=\"http:\/\/dorotazmatow.pl\/miloradz\/wp-content\/uploads\/cache\/2017\/01\/DSC0002\/358995841.jpg\" width=\"150\" height=\"150\" \/>\t\t\t\t\t\t\t\t\t\t\t\t\t\t\t\t<h3>Pasterka w roku 2016\t\t\t\t\t\t\t\t\t<span>19 images<\/span>\r\n\t\t\t\t\t\t\t\t<\/h3>\r\n\t\t\t\t\t\t\t<\/a>\r\n\t\t\t\t\t\t<\/div>\r\n\t\t\t\t\t<\/div>\r\n\t\t\t\t<\/li>\r\n\t\t\t\t\t\t\t\t\t<li>\r\n\t\t\t\t\t<div class=\"foogallery-pile\">\r\n\t\t\t\t\t\t<div class=\"foogallery-pile-inner\">\r\n\t\t\t\t\t\t\t<a href=\"http:\/\/dorotazmatow.pl\/miloradz\/index.php\/galeria\/gallery\/chor-pasjonata-tczewa-01-2017\" target=\"_self\">\r\n\t\t\t\t\t\t\t\t<img  src=\"http:\/\/dorotazmatow.pl\/miloradz\/wp-content\/uploads\/cache\/2017\/06\/DSC0022\/-966129806.jpg\" width=\"150\" height=\"150\" \/>\t\t\t\t\t\t\t\t\t\t\t\t\t\t\t\t<h3>Ch\u00f3r Pasjonata z Tczewa 01.2017\t\t\t\t\t\t\t\t\t<span>29 images<\/span>\r\n\t\t\t\t\t\t\t\t<\/h3>\r\n\t\t\t\t\t\t\t<\/a>\r\n\t\t\t\t\t\t<\/div>\r\n\t\t\t\t\t<\/div>\r\n\t\t\t\t<\/li>\r\n\t\t\t\t\t\t\t\t\t<li>\r\n\t\t\t\t\t<div class=\"foogallery-pile\">\r\n\t\t\t\t\t\t<div class=\"foogallery-pile-inner\">\r\n\t\t\t\t\t\t\t<a href=\"http:\/\/dorotazmatow.pl\/miloradz\/index.php\/galeria\/gallery\/zakonczenie-misji-swietych-11-06-2017\" target=\"_self\">\r\n\t\t\t\t\t\t\t\t<img  src=\"http:\/\/dorotazmatow.pl\/miloradz\/wp-content\/uploads\/cache\/2017\/06\/DSC0250\/-455361029.jpg\" width=\"150\" height=\"150\" \/>\t\t\t\t\t\t\t\t\t\t\t\t\t\t\t\t<h3>Zako\u0144czenie Misji \u015bwi\u0119tych 11.06.2017\t\t\t\t\t\t\t\t\t<span>71 images<\/span>\r\n\t\t\t\t\t\t\t\t<\/h3>\r\n\t\t\t\t\t\t\t<\/a>\r\n\t\t\t\t\t\t<\/div>\r\n\t\t\t\t\t<\/div>\r\n\t\t\t\t<\/li>\r\n\t\t\t\t\t\t\t\t\t<li>\r\n\t\t\t\t\t<div class=\"foogallery-pile\">\r\n\t\t\t\t\t\t<div class=\"foogallery-pile-inner\">\r\n\t\t\t\t\t\t\t<a href=\"http:\/\/dorotazmatow.pl\/miloradz\/index.php\/galeria\/gallery\/komunia-sw-10-06-2017\" target=\"_self\">\r\n\t\t\t\t\t\t\t\t<img  src=\"http:\/\/dorotazmatow.pl\/miloradz\/wp-content\/uploads\/cache\/2017\/06\/du\u017ce-1\/1214202261.jpg\" width=\"150\" height=\"150\" \/>\t\t\t\t\t\t\t\t\t\t\t\t\t\t\t\t<h3>I Komunia \u015bw. 10.06.2017\t\t\t\t\t\t\t\t\t<span>44 images<\/span>\r\n\t\t\t\t\t\t\t\t<\/h3>\r\n\t\t\t\t\t\t\t<\/a>\r\n\t\t\t\t\t\t<\/div>\r\n\t\t\t\t\t<\/div>\r\n\t\t\t\t<\/li>\r\n\t\t\t\t\t\t\t\t\t<li>\r\n\t\t\t\t\t<div class=\"foogallery-pile\">\r\n\t\t\t\t\t\t<div class=\"foogallery-pile-inner\">\r\n\t\t\t\t\t\t\t<a href=\"http:\/\/dorotazmatow.pl\/miloradz\/index.php\/galeria\/gallery\/procesja-bozego-ciala-2017\" target=\"_self\">\r\n\t\t\t\t\t\t\t\t<img  src=\"http:\/\/dorotazmatow.pl\/miloradz\/wp-content\/uploads\/cache\/2017\/06\/DSC0241\/1057663270.jpg\" width=\"150\" height=\"150\" \/>\t\t\t\t\t\t\t\t\t\t\t\t\t\t\t\t<h3>Procesja Bo\u017cego Cia\u0142a 2017\t\t\t\t\t\t\t\t\t<span>80 images<\/span>\r\n\t\t\t\t\t\t\t\t<\/h3>\r\n\t\t\t\t\t\t\t<\/a>\r\n\t\t\t\t\t\t<\/div>\r\n\t\t\t\t\t<\/div>\r\n\t\t\t\t<\/li>\r\n\t\t\t\t\t\t\t\t\t<li>\r\n\t\t\t\t\t<div class=\"foogallery-pile\">\r\n\t\t\t\t\t\t<div class=\"foogallery-pile-inner\">\r\n\t\t\t\t\t\t\t<a href=\"http:\/\/dorotazmatow.pl\/miloradz\/index.php\/galeria\/gallery\/spotkanie-eucharystycznego-ruchu-mlodych-10-2017\" target=\"_self\">\r\n\t\t\t\t\t\t\t\t<img  src=\"http:\/\/dorotazmatow.pl\/miloradz\/wp-content\/uploads\/cache\/2017\/11\/DSC0021\/851063719.jpg\" width=\"150\" height=\"150\" \/>\t\t\t\t\t\t\t\t\t\t\t\t\t\t\t\t<h3>Spotkanie Eucharystycznego Ruchu M\u0142odych 10.2017\t\t\t\t\t\t\t\t\t<span>13 images<\/span>\r\n\t\t\t\t\t\t\t\t<\/h3>\r\n\t\t\t\t\t\t\t<\/a>\r\n\t\t\t\t\t\t<\/div>\r\n\t\t\t\t\t<\/div>\r\n\t\t\t\t<\/li>\r\n\t\t\t\t\t\t<\/ul>\r\n\t<div style=\"clear: both;\"><\/div>\r\n<\/div>\r\n\n","protected":false},"excerpt":{"rendered":"","protected":false},"author":2,"featured_media":0,"parent":0,"menu_order":0,"comment_status":"closed","ping_status":"closed","template":"page-full-width.php","meta":[],"_links":{"self":[{"href":"http:\/\/dorotazmatow.pl\/miloradz\/index.php\/wp-json\/wp\/v2\/pages\/16"}],"collection":[{"href":"http:\/\/dorotazmatow.pl\/miloradz\/index.php\/wp-json\/wp\/v2\/pages"}],"about":[{"href":"http:\/\/dorotazmatow.pl\/miloradz\/index.php\/wp-json\/wp\/v2\/types\/page"}],"author":[{"embeddable":true,"href":"http:\/\/dorotazmatow.pl\/miloradz\/index.php\/wp-json\/wp\/v2\/users\/2"}],"replies":[{"embeddable":true,"href":"http:\/\/dorotazmatow.pl\/miloradz\/index.php\/wp-json\/wp\/v2\/comments?post=16"}],"version-history":[{"count":3,"href":"http:\/\/dorotazmatow.pl\/miloradz\/index.php\/wp-json\/wp\/v2\/pages\/16\/revisions"}],"predecessor-version":[{"id":90,"href":"http:\/\/dorotazmatow.pl\/miloradz\/index.php\/wp-json\/wp\/v2\/pages\/16\/revisions\/90"}],"wp:attachment":[{"href":"http:\/\/dorotazmatow.pl\/miloradz\/index.php\/wp-json\/wp\/v2\/media?parent=16"}],"curies":[{"name":"wp","href":"https:\/\/api.w.org\/{rel}","templated":true}]}}