{"id":18,"date":"2016-08-29T21:07:20","date_gmt":"2016-08-29T19:07:20","guid":{"rendered":"http:\/\/dorotazmatow.pl\/miloradz\/?page_id=18"},"modified":"2024-11-16T15:00:03","modified_gmt":"2024-11-16T14:00:03","slug":"kontakt","status":"publish","type":"page","link":"http:\/\/dorotazmatow.pl\/miloradz\/index.php\/kontakt\/","title":{"rendered":"Kontakt"},"content":{"rendered":"<p>Parafia Rzymskokatolicka pw. \u015bw. Micha\u0142a Archanio\u0142a<\/p>\n<p>ul. G\u0142\u00f3wna 19<\/p>\n<p>82-213 Mi\u0142oradz<del><\/del><\/p>\n<hr \/>\n<p><strong>\u00a0Proboszcz: Ks. Karol J\u00f3zefowicz<\/strong><\/p>\n<hr \/>\n<p>Numer konta bankowego\u00a0<strong>44 2030 0045 1110 0000 0040 4870<\/strong><\/p>\n<hr \/>\n<p>Kancelaria parafialna czynna po ka\u017cdej Mszy \u015bw. lub po wcze\u015bniejszym kontakcie telefonicznym<\/p>\n<p>tel. 880 392 717<\/p>\n<p>e-mail: sanktuariummatowy@gmail.com<\/p>\n","protected":false},"excerpt":{"rendered":"<p>Parafia Rzymskokatolicka pw. \u015bw. Micha\u0142a Archanio\u0142a ul. G\u0142\u00f3wna 19 82-213 Mi\u0142oradz \u00a0Proboszcz: Ks. Karol J\u00f3zefowicz Numer konta bankowego\u00a044 2030 0045 1110 0000 0040 4870 Kancelaria parafialna czynna po ka\u017cdej Mszy \u015bw. lub po wcze\u015bniejszym kontakcie telefonicznym tel. 880 392 717 e-mail: sanktuariummatowy@gmail.com<\/p>\n","protected":false},"author":2,"featured_media":0,"parent":0,"menu_order":0,"comment_status":"closed","ping_status":"closed","template":"page-full-width.php","meta":[],"_links":{"self":[{"href":"http:\/\/dorotazmatow.pl\/miloradz\/index.php\/wp-json\/wp\/v2\/pages\/18"}],"collection":[{"href":"http:\/\/dorotazmatow.pl\/miloradz\/index.php\/wp-json\/wp\/v2\/pages"}],"about":[{"href":"http:\/\/dorotazmatow.pl\/miloradz\/index.php\/wp-json\/wp\/v2\/types\/page"}],"author":[{"embeddable":true,"href":"http:\/\/dorotazmatow.pl\/miloradz\/index.php\/wp-json\/wp\/v2\/users\/2"}],"replies":[{"embeddable":true,"href":"http:\/\/dorotazmatow.pl\/miloradz\/index.php\/wp-json\/wp\/v2\/comments?post=18"}],"version-history":[{"count":11,"href":"http:\/\/dorotazmatow.pl\/miloradz\/index.php\/wp-json\/wp\/v2\/pages\/18\/revisions"}],"predecessor-version":[{"id":1136,"href":"http:\/\/dorotazmatow.pl\/miloradz\/index.php\/wp-json\/wp\/v2\/pages\/18\/revisions\/1136"}],"wp:attachment":[{"href":"http:\/\/dorotazmatow.pl\/miloradz\/index.php\/wp-json\/wp\/v2\/media?parent=18"}],"curies":[{"name":"wp","href":"https:\/\/api.w.org\/{rel}","templated":true}]}}