{"id":181,"date":"2017-01-05T20:22:02","date_gmt":"2017-01-05T19:22:02","guid":{"rendered":"http:\/\/dorotazmatow.pl\/miloradz\/?page_id=181"},"modified":"2022-12-07T10:00:59","modified_gmt":"2022-12-07T09:00:59","slug":"koleda-2017","status":"publish","type":"page","link":"http:\/\/dorotazmatow.pl\/miloradz\/index.php\/koleda-2017\/","title":{"rendered":"Dofinansowania"},"content":{"rendered":"<p align=\"CENTER\"><strong><span style=\"color: #000000;\">\u201e<\/span><\/strong><strong><span style=\"color: #000000;\"><span style=\"font-family: 'Times New Roman', serif;\"><span style=\"font-size: xx-large;\"><b>Prace\u00a0<\/b><\/span><\/span><\/span><\/strong><strong><span style=\"color: #333333;\"><span style=\"font-family: 'Times New Roman', serif;\"><span style=\"font-size: xx-large;\"><b>przy zabytku (o\u0142tarze<\/b><\/span><\/span><\/span><\/strong><strong><span style=\"color: #000000;\"><span style=\"font-family: 'Times New Roman', serif;\"><span style=\"font-size: xx-large;\"><b>\u00a0i konfesjona\u0142y) zrealizowano przy wsparciu finansowym Samorz\u0105du Wojew\u00f3dztwa Pomorskiego\u201d<\/b><\/span><\/span><\/span><\/strong><strong><span style=\"color: #333333;\"><span style=\"font-family: 'Times New Roman', serif;\"><span style=\"font-size: xx-large;\"><b>.<\/b><\/span><\/span><\/span><\/strong><\/p>\n<h1 align=\"CENTER\"><i>Prace przy zabytku (feretron) zrealizowano przy wsparciu finansowym Samorz\u0105du Wojew\u00f3dztwa Pomorskiego<\/i><\/h1>\n","protected":false},"excerpt":{"rendered":"<p>\u201ePrace\u00a0przy zabytku (o\u0142tarze\u00a0i konfesjona\u0142y) zrealizowano przy wsparciu finansowym Samorz\u0105du Wojew\u00f3dztwa Pomorskiego\u201d. Prace przy zabytku (feretron) zrealizowano przy wsparciu finansowym Samorz\u0105du Wojew\u00f3dztwa Pomorskiego<\/p>\n","protected":false},"author":2,"featured_media":0,"parent":0,"menu_order":0,"comment_status":"closed","ping_status":"closed","template":"","meta":[],"_links":{"self":[{"href":"http:\/\/dorotazmatow.pl\/miloradz\/index.php\/wp-json\/wp\/v2\/pages\/181"}],"collection":[{"href":"http:\/\/dorotazmatow.pl\/miloradz\/index.php\/wp-json\/wp\/v2\/pages"}],"about":[{"href":"http:\/\/dorotazmatow.pl\/miloradz\/index.php\/wp-json\/wp\/v2\/types\/page"}],"author":[{"embeddable":true,"href":"http:\/\/dorotazmatow.pl\/miloradz\/index.php\/wp-json\/wp\/v2\/users\/2"}],"replies":[{"embeddable":true,"href":"http:\/\/dorotazmatow.pl\/miloradz\/index.php\/wp-json\/wp\/v2\/comments?post=181"}],"version-history":[{"count":8,"href":"http:\/\/dorotazmatow.pl\/miloradz\/index.php\/wp-json\/wp\/v2\/pages\/181\/revisions"}],"predecessor-version":[{"id":972,"href":"http:\/\/dorotazmatow.pl\/miloradz\/index.php\/wp-json\/wp\/v2\/pages\/181\/revisions\/972"}],"wp:attachment":[{"href":"http:\/\/dorotazmatow.pl\/miloradz\/index.php\/wp-json\/wp\/v2\/media?parent=181"}],"curies":[{"name":"wp","href":"https:\/\/api.w.org\/{rel}","templated":true}]}}