{"id":51,"date":"2016-08-30T04:13:17","date_gmt":"2016-08-30T02:13:17","guid":{"rendered":"http:\/\/dorotazmatow.pl\/miloradz\/?page_id=51"},"modified":"2025-10-04T23:10:40","modified_gmt":"2025-10-04T21:10:40","slug":"msze-i-nabozenstwa","status":"publish","type":"page","link":"http:\/\/dorotazmatow.pl\/miloradz\/index.php\/msze-i-nabozenstwa\/","title":{"rendered":"Msze i nabo\u017ce\u0144stwa"},"content":{"rendered":"<p><strong>Niedziela<\/strong> 8.00 i 12.00<\/p>\n<p><strong>Od wtorku do pi\u0105tku<\/strong> godz. 18.00<\/p>\n<p><strong>Sobota<\/strong> godz. 8.00<\/p>\n<hr \/>\n<p><strong>Nowenna do Matki Bo\u017cej Nieustaj\u0105cej Pomocy<\/strong> w ka\u017cd\u0105 \u015brod\u0119 o godz. 18.00<\/p>\n<hr \/>\n","protected":false},"excerpt":{"rendered":"<p>Niedziela 8.00 i 12.00 Od wtorku do pi\u0105tku godz. 18.00 Sobota godz. 8.00 Nowenna do Matki Bo\u017cej Nieustaj\u0105cej Pomocy w ka\u017cd\u0105 \u015brod\u0119 o godz. 18.00<\/p>\n","protected":false},"author":2,"featured_media":0,"parent":0,"menu_order":0,"comment_status":"closed","ping_status":"closed","template":"page-full-width.php","meta":[],"_links":{"self":[{"href":"http:\/\/dorotazmatow.pl\/miloradz\/index.php\/wp-json\/wp\/v2\/pages\/51"}],"collection":[{"href":"http:\/\/dorotazmatow.pl\/miloradz\/index.php\/wp-json\/wp\/v2\/pages"}],"about":[{"href":"http:\/\/dorotazmatow.pl\/miloradz\/index.php\/wp-json\/wp\/v2\/types\/page"}],"author":[{"embeddable":true,"href":"http:\/\/dorotazmatow.pl\/miloradz\/index.php\/wp-json\/wp\/v2\/users\/2"}],"replies":[{"embeddable":true,"href":"http:\/\/dorotazmatow.pl\/miloradz\/index.php\/wp-json\/wp\/v2\/comments?post=51"}],"version-history":[{"count":5,"href":"http:\/\/dorotazmatow.pl\/miloradz\/index.php\/wp-json\/wp\/v2\/pages\/51\/revisions"}],"predecessor-version":[{"id":1226,"href":"http:\/\/dorotazmatow.pl\/miloradz\/index.php\/wp-json\/wp\/v2\/pages\/51\/revisions\/1226"}],"wp:attachment":[{"href":"http:\/\/dorotazmatow.pl\/miloradz\/index.php\/wp-json\/wp\/v2\/media?parent=51"}],"curies":[{"name":"wp","href":"https:\/\/api.w.org\/{rel}","templated":true}]}}